{"id":17336,"date":"2025-02-03T21:47:04","date_gmt":"2025-02-03T20:47:04","guid":{"rendered":"https:\/\/annige.no\/produkt\/riddari-original-green-model\/"},"modified":"2025-02-03T21:47:04","modified_gmt":"2025-02-03T20:47:04","slug":"riddari-original-green-model","status":"publish","type":"product","link":"https:\/\/annige.no\/en\/produkt\/riddari-original-green-model\/","title":{"rendered":"Riddari Original Green Model"},"content":{"rendered":"<p>The sweater is knitted in Istex Lettlopi from the bottom up. Sleeves and body are joined at the yoke and knitted together up to the neck. <\/p>\n<p><strong>Sizes:<\/strong><\/p>\n<p>XS (S) M (L) XL (XXL)<\/p>\n<p><strong>Measurements: <\/strong><\/p>\n<p>Bust: 89 (93) 98 (102) 107 (111) cm<\/p>\n<p>Sleeves: 47 (49) 50 (51) 52 (53) cm<\/p>\n<p><strong>Needles:<\/strong><\/p>\n<p>Circular needle 3.5 and 4.5 mm &#8211; 40 and 80 cm<\/p>\n<p>Double-pointed needles in the same size, or magic loop.<\/p>\n<p><strong>Gauge:<\/strong><\/p>\n<p>18 stitches on needle 4.5 mm = 10 cm<\/p>\n<p>If the gauge is incorrect, try larger or smaller needles.<\/p>\n<p>The package contains:<\/p>\n<ul>\n<li>Lettlopi from Istex (50g=100m)<\/li>\n<li>Knitting pattern<\/li>\n<\/ul>\n<p><strong>Price: <\/strong>from kr 599,-<\/p>\n<p>Difficulty: 3 out of 5<\/p>\n<p>Designed by V\u00e8dis J\u00f2nsd\u00f2ttir\/Istex.<\/p>\n<p><strong>Lettlopi: <\/strong><\/p>\n<p>Istex Lettlopi is Icelandic wool at its best!<\/p>\n<p><strong>Content:<\/strong> 100% Wool<br \/>\n<strong>Weight\/length:<\/strong> 50g = approx. 100m<br \/>\n<strong>Recommended needle:<\/strong> 4.5 &#8211; 5mm<br \/>\n<strong>Gauge:<\/strong> 10 x 10cm = 18 sts x 24 rows<\/p>\n<p>Hand wash, max 30\u00b0C \/ Dry flat \/ Suitable for felting<\/p>\n","protected":false},"excerpt":{"rendered":"<p>Riddari &#8211; Lovely unisex sweater with a distinctive pattern.<\/p>\n<p>&nbsp;<\/p>\n","protected":false},"featured_media":17751,"template":"","meta":[],"pwb-brand":[187],"product_brand":[],"product_cat":[844,1155],"product_tag":[],"class_list":{"0":"post-17336","1":"product","2":"type-product","3":"status-publish","4":"has-post-thumbnail","6":"pwb-brand-istex","7":"product_cat-knitting-kits","8":"product_cat-ladies-knitting-kits","10":"first","11":"instock","12":"taxable","13":"shipping-taxable","14":"purchasable","15":"product-type-amendo_bundle"},"jetpack_sharing_enabled":true,"brands":[{"id":187,"name":"Istex","slug":"istex"}],"_links":{"self":[{"href":"https:\/\/annige.no\/en\/wp-json\/wp\/v2\/product\/17336","targetHints":{"allow":["GET"]}}],"collection":[{"href":"https:\/\/annige.no\/en\/wp-json\/wp\/v2\/product"}],"about":[{"href":"https:\/\/annige.no\/en\/wp-json\/wp\/v2\/types\/product"}],"version-history":[{"count":0,"href":"https:\/\/annige.no\/en\/wp-json\/wp\/v2\/product\/17336\/revisions"}],"wp:featuredmedia":[{"embeddable":true,"href":"https:\/\/annige.no\/en\/wp-json\/wp\/v2\/media\/17751"}],"wp:attachment":[{"href":"https:\/\/annige.no\/en\/wp-json\/wp\/v2\/media?parent=17336"}],"wp:term":[{"taxonomy":"pwb-brand","embeddable":true,"href":"https:\/\/annige.no\/en\/wp-json\/wp\/v2\/pwb-brand?post=17336"},{"taxonomy":"product_brand","embeddable":true,"href":"https:\/\/annige.no\/en\/wp-json\/wp\/v2\/product_brand?post=17336"},{"taxonomy":"product_cat","embeddable":true,"href":"https:\/\/annige.no\/en\/wp-json\/wp\/v2\/product_cat?post=17336"},{"taxonomy":"product_tag","embeddable":true,"href":"https:\/\/annige.no\/en\/wp-json\/wp\/v2\/product_tag?post=17336"}],"curies":[{"name":"wp","href":"https:\/\/api.w.org\/{rel}","templated":true}]}}